{"id":85,"date":"2025-02-10T20:32:09","date_gmt":"2025-02-10T20:32:09","guid":{"rendered":"https:\/\/dev.bibliologfestival.de\/?page_id=85"},"modified":"2026-03-15T15:35:49","modified_gmt":"2026-03-15T14:35:49","slug":"home","status":"publish","type":"page","link":"https:\/\/bibliologfestival.de\/","title":{"rendered":"Home"},"content":{"rendered":"\n<p class=\"has-text-align-center wp-block-paragraph\"><strong>4.Bibliologfestival 24. Januar bis 31. Januar 202<\/strong>7<\/p>\n\n\n\n<p class=\"wp-block-paragraph\">Vielen Dank an alle die teilgenommen haben und das Festival unterst\u00fctzt haben.<\/p>\n\n\n\n<p class=\"wp-block-paragraph\">Hier auf den Seiten noch das Programm des 3. Bibliologfestivals&#8230; die Planung f\u00fcr die 4. Auflage ist dran. W\u00fcnsche und Vorschl\u00e4ge sind herzlich willkommen. F\u00fcr Informationen einfach im Newsletter anmelden.<\/p>\n\n\n\n<p class=\"wp-block-paragraph\">Und der Studientag, der leider aufgrund der Erkrankung der Referentin diesmal leider nicht stattfinden konnte, hatte \u00fcber 30 feste Anmeldungen und es kamen immer weitere Interessierte. Deshalb schon einmal vormerken: Studientag wird Samstag der 30. Januar 2027 werden. <\/p>\n\n\n\n<p class=\"wp-block-paragraph\">Wir freuen uns auf Euch  Gerald Kunde und Burkhard L\u00fccking<\/p>\n\n\n<div class=\"wp-block-image\">\n<figure class=\"aligncenter size-full is-resized\"><img loading=\"lazy\" decoding=\"async\" width=\"1240\" height=\"1754\" src=\"https:\/\/bibliologfestival.de\/wp-content\/uploads\/2025\/11\/BL-Festival26-Plakat-17.11.25-1.jpg\" alt=\"\" class=\"wp-image-260\" style=\"aspect-ratio:0.706957846622651;width:196px;height:auto\" srcset=\"https:\/\/bibliologfestival.de\/wp-content\/uploads\/2025\/11\/BL-Festival26-Plakat-17.11.25-1.jpg 1240w, https:\/\/bibliologfestival.de\/wp-content\/uploads\/2025\/11\/BL-Festival26-Plakat-17.11.25-1-212x300.jpg 212w, https:\/\/bibliologfestival.de\/wp-content\/uploads\/2025\/11\/BL-Festival26-Plakat-17.11.25-1-724x1024.jpg 724w, https:\/\/bibliologfestival.de\/wp-content\/uploads\/2025\/11\/BL-Festival26-Plakat-17.11.25-1-768x1086.jpg 768w, https:\/\/bibliologfestival.de\/wp-content\/uploads\/2025\/11\/BL-Festival26-Plakat-17.11.25-1-1086x1536.jpg 1086w\" sizes=\"auto, (max-width: 1240px) 100vw, 1240px\" \/><\/figure>\n<\/div>\n\n\n<p class=\"has-text-align-center wp-block-paragraph\">Du bist ein Fan von Bibliolog?<\/p>\n\n\n\n<p class=\"has-text-align-center wp-block-paragraph\">komm und teile deine<br>Begeisterung mit anderen.<\/p>\n\n\n\n<p class=\"has-text-align-center wp-block-paragraph\">Du kennst Bibliolog noch nicht?<\/p>\n\n\n\n<p class=\"has-text-align-center wp-block-paragraph\">Dann sei neugierig und komm vorbei.<\/p>\n\n\n\n<p class=\"has-text-align-center wp-block-paragraph\">Lass dich \u00fcberraschen, wie Bibellesen auch mal anders geht. Im&nbsp;<a href=\"https:\/\/bibliologfestival.de\/index.php\/programm\/\" data-type=\"page\" data-id=\"24\">Programm<\/a>&nbsp;findest Du, wo und wann es stattfindet.<\/p>\n\n\n\n<p class=\"has-text-align-center wp-block-paragraph\">Meldet euch zum&nbsp;<a href=\"https:\/\/bibliologfestival.de\/index.php\/newsletter\/\" data-type=\"page\" data-id=\"31\">Newsletter<\/a>&nbsp;an und bleibt<br>auf dem Laufenden.<\/p>\n\n\n\n<p class=\"has-text-align-center wp-block-paragraph\">Habt ihr Fragen zum Festival oder zur Website? Dann melde dich \u00fcber unser&nbsp;<a href=\"https:\/\/us21.list-manage.com\/contact-form?u=b0525462a2871966d56ddf02b&amp;form_id=f3acea2383254112391d1e8747b33edf\">Kontaktformular<\/a>.<\/p>\n\n\n\n<div class=\"wp-block-group is-content-justification-space-between is-nowrap is-layout-flex wp-container-core-group-is-layout-b0ffac9c wp-block-group-is-layout-flex\">\n<figure class=\"wp-block-image size-full is-resized\"><a href=\"https:\/\/www.bibliolog.org\/\"><img loading=\"lazy\" decoding=\"async\" width=\"253\" height=\"275\" src=\"https:\/\/bibliologfestival.de\/wp-content\/uploads\/2025\/10\/central1.jpg\" alt=\"\" class=\"wp-image-201\" style=\"width:180px;height:auto\"\/><\/a><\/figure>\n<\/div>\n","protected":false},"excerpt":{"rendered":"<p>4.Bibliologfestival 24. Januar bis 31. Januar 2027 Vielen Dank an alle die teilgenommen haben und das Festival unterst\u00fctzt haben. Hier auf den Seiten noch das&#8230;<\/p>\n<div class=\"more-link-wrapper\"><a class=\"more-link\" href=\"https:\/\/bibliologfestival.de\/\">Weiterlesen<span class=\"screen-reader-text\">Home<\/span><\/a><\/div>\n","protected":false},"author":1,"featured_media":0,"parent":0,"menu_order":0,"comment_status":"closed","ping_status":"closed","template":"","meta":{"_crdt_document":"","footnotes":""},"class_list":["post-85","page","type-page","status-publish","hentry","entry"],"_links":{"self":[{"href":"https:\/\/bibliologfestival.de\/index.php\/wp-json\/wp\/v2\/pages\/85","targetHints":{"allow":["GET"]}}],"collection":[{"href":"https:\/\/bibliologfestival.de\/index.php\/wp-json\/wp\/v2\/pages"}],"about":[{"href":"https:\/\/bibliologfestival.de\/index.php\/wp-json\/wp\/v2\/types\/page"}],"author":[{"embeddable":true,"href":"https:\/\/bibliologfestival.de\/index.php\/wp-json\/wp\/v2\/users\/1"}],"replies":[{"embeddable":true,"href":"https:\/\/bibliologfestival.de\/index.php\/wp-json\/wp\/v2\/comments?post=85"}],"version-history":[{"count":11,"href":"https:\/\/bibliologfestival.de\/index.php\/wp-json\/wp\/v2\/pages\/85\/revisions"}],"predecessor-version":[{"id":306,"href":"https:\/\/bibliologfestival.de\/index.php\/wp-json\/wp\/v2\/pages\/85\/revisions\/306"}],"wp:attachment":[{"href":"https:\/\/bibliologfestival.de\/index.php\/wp-json\/wp\/v2\/media?parent=85"}],"curies":[{"name":"wp","href":"https:\/\/api.w.org\/{rel}","templated":true}]}}