{"id":29,"date":"2025-02-09T19:25:32","date_gmt":"2025-02-09T19:25:32","guid":{"rendered":"https:\/\/dev.bibliologfestival.de\/?page_id=29"},"modified":"2026-03-17T20:20:00","modified_gmt":"2026-03-17T19:20:00","slug":"links-partner","status":"publish","type":"page","link":"https:\/\/bibliologfestival.de\/index.php\/links-partner\/","title":{"rendered":"Links &amp; Partner"},"content":{"rendered":"\n<div class=\"wp-block-group is-vertical is-layout-flex wp-container-core-group-is-layout-4fc3f8e1 wp-block-group-is-layout-flex\">\n<p class=\"has-text-align-center wp-block-paragraph\">Das Festival funktioniert rein ehrenamtlich oder durch Institutionen, welche R\u00e4umlichkeiten und Personen zur Verf\u00fcgung stellen. Nur durch diese Unterst\u00fctzung kann das Festival statt finden.<\/p>\n<\/div>\n\n\n\n<p class=\"has-text-align-center wp-block-paragraph\"><strong>Vielen Dank allen!<\/strong><\/p>\n\n\n\n<div style=\"height:30px\" aria-hidden=\"true\" class=\"wp-block-spacer\"><\/div>\n\n\n\n<h2 class=\"wp-block-heading\">Alle Partner:<\/h2>\n\n\n\n<figure class=\"wp-block-image size-full\"><img loading=\"lazy\" decoding=\"async\" width=\"225\" height=\"225\" src=\"https:\/\/bibliologfestival.de\/wp-content\/uploads\/2025\/10\/feg.jpg\" alt=\"\" class=\"wp-image-203\" srcset=\"https:\/\/bibliologfestival.de\/wp-content\/uploads\/2025\/10\/feg.jpg 225w, https:\/\/bibliologfestival.de\/wp-content\/uploads\/2025\/10\/feg-150x150.jpg 150w\" sizes=\"auto, (max-width: 225px) 100vw, 225px\" \/><\/figure>\n\n\n\n<div style=\"height:20px\" aria-hidden=\"true\" class=\"wp-block-spacer\"><\/div>\n\n\n\n<figure class=\"wp-block-image size-full\"><img loading=\"lazy\" decoding=\"async\" width=\"327\" height=\"206\" src=\"https:\/\/bibliologfestival.de\/wp-content\/uploads\/2025\/10\/bistum.jpg\" alt=\"\" class=\"wp-image-204\" srcset=\"https:\/\/bibliologfestival.de\/wp-content\/uploads\/2025\/10\/bistum.jpg 327w, https:\/\/bibliologfestival.de\/wp-content\/uploads\/2025\/10\/bistum-300x189.jpg 300w\" sizes=\"auto, (max-width: 327px) 100vw, 327px\" \/><\/figure>\n\n\n\n<div style=\"height:20px\" aria-hidden=\"true\" class=\"wp-block-spacer\"><\/div>\n\n\n\n<figure class=\"wp-block-image size-full\"><img loading=\"lazy\" decoding=\"async\" width=\"300\" height=\"230\" src=\"https:\/\/bibliologfestival.de\/wp-content\/uploads\/2025\/10\/KEFB.jpeg\" alt=\"\" class=\"wp-image-205\"\/><\/figure>\n\n\n\n<div style=\"height:20px\" aria-hidden=\"true\" class=\"wp-block-spacer\"><\/div>\n\n\n\n<figure class=\"wp-block-image size-full\"><img loading=\"lazy\" decoding=\"async\" width=\"377\" height=\"64\" src=\"https:\/\/bibliologfestival.de\/wp-content\/uploads\/2025\/10\/medienforum.jpg\" alt=\"\" class=\"wp-image-206\" srcset=\"https:\/\/bibliologfestival.de\/wp-content\/uploads\/2025\/10\/medienforum.jpg 377w, https:\/\/bibliologfestival.de\/wp-content\/uploads\/2025\/10\/medienforum-300x51.jpg 300w\" sizes=\"auto, (max-width: 377px) 100vw, 377px\" \/><\/figure>\n\n\n\n<div style=\"height:20px\" aria-hidden=\"true\" class=\"wp-block-spacer\"><\/div>\n\n\n\n<figure class=\"wp-block-image size-full\"><img loading=\"lazy\" decoding=\"async\" width=\"169\" height=\"169\" src=\"https:\/\/bibliologfestival.de\/wp-content\/uploads\/2025\/10\/bibliolog.png\" alt=\"\" class=\"wp-image-208\" srcset=\"https:\/\/bibliologfestival.de\/wp-content\/uploads\/2025\/10\/bibliolog.png 169w, https:\/\/bibliologfestival.de\/wp-content\/uploads\/2025\/10\/bibliolog-150x150.png 150w\" sizes=\"auto, (max-width: 169px) 100vw, 169px\" \/><\/figure>\n\n\n\n<div style=\"height:20px\" aria-hidden=\"true\" class=\"wp-block-spacer\"><\/div>\n\n\n\n<figure class=\"wp-block-image size-full\"><img loading=\"lazy\" decoding=\"async\" width=\"338\" height=\"220\" src=\"https:\/\/bibliologfestival.de\/wp-content\/uploads\/2025\/10\/homepic1.jpg\" alt=\"\" class=\"wp-image-209\" srcset=\"https:\/\/bibliologfestival.de\/wp-content\/uploads\/2025\/10\/homepic1.jpg 338w, https:\/\/bibliologfestival.de\/wp-content\/uploads\/2025\/10\/homepic1-300x195.jpg 300w\" sizes=\"auto, (max-width: 338px) 100vw, 338px\" \/><\/figure>\n\n\n\n<div style=\"height:20px\" aria-hidden=\"true\" class=\"wp-block-spacer\"><\/div>\n\n\n\n<figure class=\"wp-block-image size-full\"><img loading=\"lazy\" decoding=\"async\" width=\"168\" height=\"168\" src=\"https:\/\/bibliologfestival.de\/wp-content\/uploads\/2025\/10\/church.jpg\" alt=\"\" class=\"wp-image-210\" srcset=\"https:\/\/bibliologfestival.de\/wp-content\/uploads\/2025\/10\/church.jpg 168w, https:\/\/bibliologfestival.de\/wp-content\/uploads\/2025\/10\/church-150x150.jpg 150w\" sizes=\"auto, (max-width: 168px) 100vw, 168px\" \/><\/figure>\n\n\n\n<div style=\"height:20px\" aria-hidden=\"true\" class=\"wp-block-spacer\"><\/div>\n\n\n\n<ul class=\"wp-block-social-links has-huge-icon-size has-visible-labels is-layout-flex wp-block-social-links-is-layout-flex\"><li class=\"wp-social-link wp-social-link-wordpress  wp-block-social-link\"><a rel=\"noopener nofollow\" target=\"_blank\" href=\"https:\/\/portfolio-theis.de\" class=\"wp-block-social-link-anchor\"><svg width=\"24\" height=\"24\" viewBox=\"0 0 24 24\" version=\"1.1\" xmlns=\"http:\/\/www.w3.org\/2000\/svg\" aria-hidden=\"true\" focusable=\"false\"><path d=\"M12.158,12.786L9.46,20.625c0.806,0.237,1.657,0.366,2.54,0.366c1.047,0,2.051-0.181,2.986-0.51 c-0.024-0.038-0.046-0.079-0.065-0.124L12.158,12.786z M3.009,12c0,3.559,2.068,6.634,5.067,8.092L3.788,8.341 C3.289,9.459,3.009,10.696,3.009,12z M18.069,11.546c0-1.112-0.399-1.881-0.741-2.48c-0.456-0.741-0.883-1.368-0.883-2.109 c0-0.826,0.627-1.596,1.51-1.596c0.04,0,0.078,0.005,0.116,0.007C16.472,3.904,14.34,3.009,12,3.009 c-3.141,0-5.904,1.612-7.512,4.052c0.211,0.007,0.41,0.011,0.579,0.011c0.94,0,2.396-0.114,2.396-0.114 C7.947,6.93,8.004,7.642,7.52,7.699c0,0-0.487,0.057-1.029,0.085l3.274,9.739l1.968-5.901l-1.401-3.838 C9.848,7.756,9.389,7.699,9.389,7.699C8.904,7.67,8.961,6.93,9.446,6.958c0,0,1.484,0.114,2.368,0.114 c0.94,0,2.397-0.114,2.397-0.114c0.485-0.028,0.542,0.684,0.057,0.741c0,0-0.488,0.057-1.029,0.085l3.249,9.665l0.897-2.996 C17.841,13.284,18.069,12.316,18.069,11.546z M19.889,7.686c0.039,0.286,0.06,0.593,0.06,0.924c0,0.912-0.171,1.938-0.684,3.22 l-2.746,7.94c2.673-1.558,4.47-4.454,4.47-7.771C20.991,10.436,20.591,8.967,19.889,7.686z M12,22C6.486,22,2,17.514,2,12 C2,6.486,6.486,2,12,2c5.514,0,10,4.486,10,10C22,17.514,17.514,22,12,22z\"><\/path><\/svg><span class=\"wp-block-social-link-label\">Ersteller dieser Website<\/span><\/a><\/li><\/ul>\n\n\n\n<div style=\"height:20px\" aria-hidden=\"true\" class=\"wp-block-spacer\"><\/div>\n\n\n\n<figure class=\"wp-block-image size-full\"><img loading=\"lazy\" decoding=\"async\" width=\"329\" height=\"153\" src=\"https:\/\/bibliologfestival.de\/wp-content\/uploads\/2025\/10\/mcs.png\" alt=\"\" class=\"wp-image-211\" srcset=\"https:\/\/bibliologfestival.de\/wp-content\/uploads\/2025\/10\/mcs.png 329w, https:\/\/bibliologfestival.de\/wp-content\/uploads\/2025\/10\/mcs-300x140.png 300w\" sizes=\"auto, (max-width: 329px) 100vw, 329px\" \/><\/figure>\n\n\n\n<div style=\"height:20px\" aria-hidden=\"true\" class=\"wp-block-spacer\"><\/div>\n\n\n\n<figure class=\"wp-block-image size-full\"><img loading=\"lazy\" decoding=\"async\" width=\"225\" height=\"225\" src=\"https:\/\/bibliologfestival.de\/wp-content\/uploads\/2025\/10\/akademie.png\" alt=\"\" class=\"wp-image-212\" srcset=\"https:\/\/bibliologfestival.de\/wp-content\/uploads\/2025\/10\/akademie.png 225w, https:\/\/bibliologfestival.de\/wp-content\/uploads\/2025\/10\/akademie-150x150.png 150w\" sizes=\"auto, (max-width: 225px) 100vw, 225px\" \/><\/figure>\n\n\n\n<div style=\"height:20px\" aria-hidden=\"true\" class=\"wp-block-spacer\"><\/div>\n","protected":false},"excerpt":{"rendered":"<p>Das Festival funktioniert rein ehrenamtlich oder durch Institutionen, welche R\u00e4umlichkeiten und Personen zur Verf\u00fcgung stellen. Nur durch diese Unterst\u00fctzung kann das Festival statt finden. Vielen&#8230;<\/p>\n<div class=\"more-link-wrapper\"><a class=\"more-link\" href=\"https:\/\/bibliologfestival.de\/index.php\/links-partner\/\">Weiterlesen<span class=\"screen-reader-text\">Links &amp; Partner<\/span><\/a><\/div>\n","protected":false},"author":1,"featured_media":0,"parent":0,"menu_order":0,"comment_status":"closed","ping_status":"closed","template":"","meta":{"_crdt_document":"","footnotes":""},"class_list":["post-29","page","type-page","status-publish","hentry","entry"],"_links":{"self":[{"href":"https:\/\/bibliologfestival.de\/index.php\/wp-json\/wp\/v2\/pages\/29","targetHints":{"allow":["GET"]}}],"collection":[{"href":"https:\/\/bibliologfestival.de\/index.php\/wp-json\/wp\/v2\/pages"}],"about":[{"href":"https:\/\/bibliologfestival.de\/index.php\/wp-json\/wp\/v2\/types\/page"}],"author":[{"embeddable":true,"href":"https:\/\/bibliologfestival.de\/index.php\/wp-json\/wp\/v2\/users\/1"}],"replies":[{"embeddable":true,"href":"https:\/\/bibliologfestival.de\/index.php\/wp-json\/wp\/v2\/comments?post=29"}],"version-history":[{"count":6,"href":"https:\/\/bibliologfestival.de\/index.php\/wp-json\/wp\/v2\/pages\/29\/revisions"}],"predecessor-version":[{"id":309,"href":"https:\/\/bibliologfestival.de\/index.php\/wp-json\/wp\/v2\/pages\/29\/revisions\/309"}],"wp:attachment":[{"href":"https:\/\/bibliologfestival.de\/index.php\/wp-json\/wp\/v2\/media?parent=29"}],"curies":[{"name":"wp","href":"https:\/\/api.w.org\/{rel}","templated":true}]}}